
{"id":3236,"date":"2023-04-18T16:01:58","date_gmt":"2023-04-18T20:01:58","guid":{"rendered":"https:\/\/thediatribe.org\/confirmacion-programa-de-verano\/"},"modified":"2023-04-18T16:35:10","modified_gmt":"2023-04-18T20:35:10","slug":"confirmacion-programa-de-verano","status":"publish","type":"page","link":"https:\/\/thediatribe.org\/es\/confirmacion-programa-de-verano\/","title":{"rendered":"Confirmaci\u00f3n &#8211; Programa de verano"},"content":{"rendered":"\t\t<div data-elementor-type=\"wp-page\" data-elementor-id=\"3236\" class=\"elementor elementor-3236\" data-elementor-post-type=\"page\">\n\t\t\t\t\t\t<section class=\"elementor-section elementor-top-section elementor-element elementor-element-1045ee4 elementor-section-height-min-height elementor-section-boxed elementor-section-height-default elementor-section-items-middle\" data-id=\"1045ee4\" data-element_type=\"section\" data-e-type=\"section\" data-settings=\"{&quot;background_background&quot;:&quot;classic&quot;}\">\n\t\t\t\t\t\t\t<div class=\"elementor-background-overlay\"><\/div>\n\t\t\t\t\t\t\t<div class=\"elementor-container elementor-column-gap-default\">\n\t\t\t\t\t<div class=\"elementor-column elementor-col-100 elementor-top-column elementor-element elementor-element-c04bec3\" data-id=\"c04bec3\" data-element_type=\"column\" data-e-type=\"column\">\n\t\t\t<div class=\"elementor-widget-wrap elementor-element-populated\">\n\t\t\t\t\t\t<section class=\"elementor-section elementor-inner-section elementor-element elementor-element-36b1d5c elementor-section-boxed elementor-section-height-default elementor-section-height-default\" data-id=\"36b1d5c\" data-element_type=\"section\" data-e-type=\"section\">\n\t\t\t\t\t\t<div class=\"elementor-container elementor-column-gap-default\">\n\t\t\t\t\t<div class=\"elementor-column elementor-col-100 elementor-inner-column elementor-element elementor-element-328eab8\" data-id=\"328eab8\" data-element_type=\"column\" data-e-type=\"column\">\n\t\t\t<div class=\"elementor-widget-wrap elementor-element-populated\">\n\t\t\t\t\t\t<div class=\"elementor-element elementor-element-06d72a0 elementor-widget elementor-widget-heading\" data-id=\"06d72a0\" data-element_type=\"widget\" data-e-type=\"widget\" data-widget_type=\"heading.default\">\n\t\t\t\t<div class=\"elementor-widget-container\">\n\t\t\t\t\t<h2 class=\"elementor-heading-title elementor-size-default\">Gracias por inscribirse.<\/h2>\t\t\t\t<\/div>\n\t\t\t\t<\/div>\n\t\t\t\t<div class=\"elementor-element elementor-element-e10b69a elementor-widget elementor-widget-text-editor\" data-id=\"e10b69a\" data-element_type=\"widget\" data-e-type=\"widget\" data-widget_type=\"text-editor.default\">\n\t\t\t\t<div class=\"elementor-widget-container\">\n\t\t\t\t\t\t\t\t\t<p>Estamos encantados de que su hijo se una a nosotros en The Diatribe Inc. Programa intensivo de verano en el Centro Comunitario de Baxter del 10 al 20 de julio, de lunes a jueves, de 11am a 2pm<\/p>\n<p>El almuerzo estar\u00e1 incluido, y haremos todo lo posible por adaptarnos a cualquier restricci\u00f3n diet\u00e9tica.<\/p>\n<p>El programa es gratuito. No obstante, si desea hacer un donativo para apoyar nuestra programaci\u00f3n, puede hacerlo aqu\u00ed <a href=\"https:\/\/thediatribe.org\/es\/apoyo\/\">https:\/\/thediatribe.org\/support\/<\/a>.<\/p>\n<p>Tenga en cuenta que la fecha l\u00edmite para inscribirse es el 16 de junio de 2023. Una vez que recibamos su formulario de inscripci\u00f3n, nos pondremos en contacto con usted para confirmar la inscripci\u00f3n de su hijo y proporcionarle detalles adicionales.<br \/>Si tiene alguna pregunta o duda, no dude en ponerse en contacto con nosotros en <a href=\"mailto:kyd@thediatribe.org\">kyd@thediatribe.org<\/a>.<\/p>\n\t\t\t\t\t\t\t\t<\/div>\n\t\t\t\t<\/div>\n\t\t\t\t<div class=\"elementor-element elementor-element-48cbe75 elementor-widget elementor-widget-spacer\" data-id=\"48cbe75\" data-element_type=\"widget\" data-e-type=\"widget\" data-widget_type=\"spacer.default\">\n\t\t\t\t<div class=\"elementor-widget-container\">\n\t\t\t\t\t\t\t<div class=\"elementor-spacer\">\n\t\t\t<div class=\"elementor-spacer-inner\"><\/div>\n\t\t<\/div>\n\t\t\t\t\t\t<\/div>\n\t\t\t\t<\/div>\n\t\t\t\t<div class=\"elementor-element elementor-element-930c827 elementor-align-center elementor-widget elementor-widget-button\" data-id=\"930c827\" data-element_type=\"widget\" data-e-type=\"widget\" data-widget_type=\"button.default\">\n\t\t\t\t<div class=\"elementor-widget-container\">\n\t\t\t\t\t\t\t\t\t<div class=\"elementor-button-wrapper\">\n\t\t\t\t\t<a class=\"elementor-button elementor-button-link elementor-size-sm\" href=\"https:\/\/thediatribe.org\/es\/\">\n\t\t\t\t\t\t<span class=\"elementor-button-content-wrapper\">\n\t\t\t\t\t\t\t\t\t<span class=\"elementor-button-text\">Volver al Inicio<\/span>\n\t\t\t\t\t<\/span>\n\t\t\t\t\t<\/a>\n\t\t\t\t<\/div>\n\t\t\t\t\t\t\t\t<\/div>\n\t\t\t\t<\/div>\n\t\t\t\t\t<\/div>\n\t\t<\/div>\n\t\t\t\t\t<\/div>\n\t\t<\/section>\n\t\t\t\t\t<\/div>\n\t\t<\/div>\n\t\t\t\t\t<\/div>\n\t\t<\/section>\n\t\t\t\t<\/div>\n\t\t","protected":false},"excerpt":{"rendered":"<p>Gracias por inscribirse. Estamos encantados de que su hijo se una a nosotros en The Diatribe Inc. Programa intensivo de verano en el Centro Comunitario de Baxter del 10 al [&hellip;]<\/p>\n","protected":false},"author":1,"featured_media":0,"parent":0,"menu_order":0,"comment_status":"closed","ping_status":"closed","template":"","meta":{"_acf_changed":false,"_monsterinsights_skip_tracking":false,"_monsterinsights_sitenote_active":false,"_monsterinsights_sitenote_note":"","_monsterinsights_sitenote_category":0,"ocean_post_layout":"","ocean_both_sidebars_style":"","ocean_both_sidebars_content_width":0,"ocean_both_sidebars_sidebars_width":0,"ocean_sidebar":"","ocean_second_sidebar":"","ocean_disable_margins":"enable","ocean_add_body_class":"","ocean_shortcode_before_top_bar":"","ocean_shortcode_after_top_bar":"","ocean_shortcode_before_header":"","ocean_shortcode_after_header":"","ocean_has_shortcode":"","ocean_shortcode_after_title":"","ocean_shortcode_before_footer_widgets":"","ocean_shortcode_after_footer_widgets":"","ocean_shortcode_before_footer_bottom":"","ocean_shortcode_after_footer_bottom":"","ocean_display_top_bar":"default","ocean_display_header":"default","ocean_header_style":"","ocean_center_header_left_menu":"","ocean_custom_header_template":"","ocean_custom_logo":0,"ocean_custom_retina_logo":0,"ocean_custom_logo_max_width":0,"ocean_custom_logo_tablet_max_width":0,"ocean_custom_logo_mobile_max_width":0,"ocean_custom_logo_max_height":0,"ocean_custom_logo_tablet_max_height":0,"ocean_custom_logo_mobile_max_height":0,"ocean_header_custom_menu":"","ocean_menu_typo_font_family":"","ocean_menu_typo_font_subset":"","ocean_menu_typo_font_size":0,"ocean_menu_typo_font_size_tablet":0,"ocean_menu_typo_font_size_mobile":0,"ocean_menu_typo_font_size_unit":"px","ocean_menu_typo_font_weight":"","ocean_menu_typo_font_weight_tablet":"","ocean_menu_typo_font_weight_mobile":"","ocean_menu_typo_transform":"","ocean_menu_typo_transform_tablet":"","ocean_menu_typo_transform_mobile":"","ocean_menu_typo_line_height":0,"ocean_menu_typo_line_height_tablet":0,"ocean_menu_typo_line_height_mobile":0,"ocean_menu_typo_line_height_unit":"","ocean_menu_typo_spacing":0,"ocean_menu_typo_spacing_tablet":0,"ocean_menu_typo_spacing_mobile":0,"ocean_menu_typo_spacing_unit":"","ocean_menu_link_color":"","ocean_menu_link_color_hover":"","ocean_menu_link_color_active":"","ocean_menu_link_background":"","ocean_menu_link_hover_background":"","ocean_menu_link_active_background":"","ocean_menu_social_links_bg":"","ocean_menu_social_hover_links_bg":"","ocean_menu_social_links_color":"","ocean_menu_social_hover_links_color":"","ocean_disable_title":"default","ocean_disable_heading":"default","ocean_post_title":"","ocean_post_subheading":"","ocean_post_title_style":"","ocean_post_title_background_color":"","ocean_post_title_background":0,"ocean_post_title_bg_image_position":"","ocean_post_title_bg_image_attachment":"","ocean_post_title_bg_image_repeat":"","ocean_post_title_bg_image_size":"","ocean_post_title_height":0,"ocean_post_title_bg_overlay":0.5,"ocean_post_title_bg_overlay_color":"","ocean_disable_breadcrumbs":"default","ocean_breadcrumbs_color":"","ocean_breadcrumbs_separator_color":"","ocean_breadcrumbs_links_color":"","ocean_breadcrumbs_links_hover_color":"","ocean_display_footer_widgets":"default","ocean_display_footer_bottom":"default","ocean_custom_footer_template":"","footnotes":""},"class_list":["post-3236","page","type-page","status-publish","hentry","entry","owp-thumbs-layout-horizontal","owp-btn-normal","owp-tabs-layout-horizontal","has-no-thumbnails","has-product-nav"],"acf":[],"yoast_head":"<!-- This site is optimized with the Yoast SEO plugin v27.4 - https:\/\/yoast.com\/product\/yoast-seo-wordpress\/ -->\n<title>Confirmaci\u00f3n - Programa de verano | The Diatribe<\/title>\n<meta name=\"robots\" content=\"index, follow, max-snippet:-1, max-image-preview:large, max-video-preview:-1\" \/>\n<link rel=\"canonical\" href=\"https:\/\/thediatribe.org\/es\/confirmacion-programa-de-verano\/\" \/>\n<meta property=\"og:locale\" content=\"es_ES\" \/>\n<meta property=\"og:type\" content=\"article\" \/>\n<meta property=\"og:title\" content=\"Confirmaci\u00f3n - Programa de verano | The Diatribe\" \/>\n<meta property=\"og:description\" content=\"Gracias por inscribirse. Estamos encantados de que su hijo se una a nosotros en The Diatribe Inc. Programa intensivo de verano en el Centro Comunitario de Baxter del 10 al [&hellip;]\" \/>\n<meta property=\"og:url\" content=\"https:\/\/thediatribe.org\/es\/confirmacion-programa-de-verano\/\" \/>\n<meta property=\"og:site_name\" content=\"The Diatribe\" \/>\n<meta property=\"article:publisher\" content=\"https:\/\/www.facebook.com\/TheDiatribe\/\" \/>\n<meta property=\"article:modified_time\" content=\"2023-04-18T20:35:10+00:00\" \/>\n<meta name=\"twitter:card\" content=\"summary_large_image\" \/>\n<meta name=\"twitter:label1\" content=\"Tiempo de lectura\" \/>\n\t<meta name=\"twitter:data1\" content=\"1 minuto\" \/>\n<script type=\"application\/ld+json\" class=\"yoast-schema-graph\">{\"@context\":\"https:\\\/\\\/schema.org\",\"@graph\":[{\"@type\":\"WebPage\",\"@id\":\"https:\\\/\\\/thediatribe.org\\\/es\\\/confirmacion-programa-de-verano\\\/\",\"url\":\"https:\\\/\\\/thediatribe.org\\\/es\\\/confirmacion-programa-de-verano\\\/\",\"name\":\"Confirmaci\u00f3n - Programa de verano | The Diatribe\",\"isPartOf\":{\"@id\":\"https:\\\/\\\/thediatribe.org\\\/#website\"},\"datePublished\":\"2023-04-18T20:01:58+00:00\",\"dateModified\":\"2023-04-18T20:35:10+00:00\",\"breadcrumb\":{\"@id\":\"https:\\\/\\\/thediatribe.org\\\/es\\\/confirmacion-programa-de-verano\\\/#breadcrumb\"},\"inLanguage\":\"es\",\"potentialAction\":[{\"@type\":\"ReadAction\",\"target\":[\"https:\\\/\\\/thediatribe.org\\\/es\\\/confirmacion-programa-de-verano\\\/\"]}]},{\"@type\":\"BreadcrumbList\",\"@id\":\"https:\\\/\\\/thediatribe.org\\\/es\\\/confirmacion-programa-de-verano\\\/#breadcrumb\",\"itemListElement\":[{\"@type\":\"ListItem\",\"position\":1,\"name\":\"Home\",\"item\":\"https:\\\/\\\/thediatribe.org\\\/es\\\/inicio\\\/\"},{\"@type\":\"ListItem\",\"position\":2,\"name\":\"Confirmaci\u00f3n &#8211; Programa de verano\"}]},{\"@type\":\"WebSite\",\"@id\":\"https:\\\/\\\/thediatribe.org\\\/#website\",\"url\":\"https:\\\/\\\/thediatribe.org\\\/\",\"name\":\"The Diatribe\",\"description\":\"\",\"publisher\":{\"@id\":\"https:\\\/\\\/thediatribe.org\\\/#organization\"},\"potentialAction\":[{\"@type\":\"SearchAction\",\"target\":{\"@type\":\"EntryPoint\",\"urlTemplate\":\"https:\\\/\\\/thediatribe.org\\\/?s={search_term_string}\"},\"query-input\":{\"@type\":\"PropertyValueSpecification\",\"valueRequired\":true,\"valueName\":\"search_term_string\"}}],\"inLanguage\":\"es\"},{\"@type\":\"Organization\",\"@id\":\"https:\\\/\\\/thediatribe.org\\\/#organization\",\"name\":\"The Diatribe\",\"url\":\"https:\\\/\\\/thediatribe.org\\\/\",\"logo\":{\"@type\":\"ImageObject\",\"inLanguage\":\"es\",\"@id\":\"https:\\\/\\\/thediatribe.org\\\/#\\\/schema\\\/logo\\\/image\\\/\",\"url\":\"https:\\\/\\\/thediatribe.org\\\/wp-content\\\/uploads\\\/2022\\\/11\\\/Diatribe-Logo.svg\",\"contentUrl\":\"https:\\\/\\\/thediatribe.org\\\/wp-content\\\/uploads\\\/2022\\\/11\\\/Diatribe-Logo.svg\",\"caption\":\"The Diatribe\"},\"image\":{\"@id\":\"https:\\\/\\\/thediatribe.org\\\/#\\\/schema\\\/logo\\\/image\\\/\"},\"sameAs\":[\"https:\\\/\\\/www.facebook.com\\\/TheDiatribe\\\/\",\"https:\\\/\\\/www.instagram.com\\\/the_diatribe\\\/\",\"https:\\\/\\\/www.youtube.com\\\/channel\\\/UCbrOPqtc2ecdLNdY4FvIxtw\",\"https:\\\/\\\/thediatribe.bandcamp.com\\\/\"]}]}<\/script>\n<!-- \/ Yoast SEO plugin. -->","yoast_head_json":{"title":"Confirmaci\u00f3n - Programa de verano | The Diatribe","robots":{"index":"index","follow":"follow","max-snippet":"max-snippet:-1","max-image-preview":"max-image-preview:large","max-video-preview":"max-video-preview:-1"},"canonical":"https:\/\/thediatribe.org\/es\/confirmacion-programa-de-verano\/","og_locale":"es_ES","og_type":"article","og_title":"Confirmaci\u00f3n - Programa de verano | The Diatribe","og_description":"Gracias por inscribirse. Estamos encantados de que su hijo se una a nosotros en The Diatribe Inc. Programa intensivo de verano en el Centro Comunitario de Baxter del 10 al [&hellip;]","og_url":"https:\/\/thediatribe.org\/es\/confirmacion-programa-de-verano\/","og_site_name":"The Diatribe","article_publisher":"https:\/\/www.facebook.com\/TheDiatribe\/","article_modified_time":"2023-04-18T20:35:10+00:00","twitter_card":"summary_large_image","twitter_misc":{"Tiempo de lectura":"1 minuto"},"schema":{"@context":"https:\/\/schema.org","@graph":[{"@type":"WebPage","@id":"https:\/\/thediatribe.org\/es\/confirmacion-programa-de-verano\/","url":"https:\/\/thediatribe.org\/es\/confirmacion-programa-de-verano\/","name":"Confirmaci\u00f3n - Programa de verano | The Diatribe","isPartOf":{"@id":"https:\/\/thediatribe.org\/#website"},"datePublished":"2023-04-18T20:01:58+00:00","dateModified":"2023-04-18T20:35:10+00:00","breadcrumb":{"@id":"https:\/\/thediatribe.org\/es\/confirmacion-programa-de-verano\/#breadcrumb"},"inLanguage":"es","potentialAction":[{"@type":"ReadAction","target":["https:\/\/thediatribe.org\/es\/confirmacion-programa-de-verano\/"]}]},{"@type":"BreadcrumbList","@id":"https:\/\/thediatribe.org\/es\/confirmacion-programa-de-verano\/#breadcrumb","itemListElement":[{"@type":"ListItem","position":1,"name":"Home","item":"https:\/\/thediatribe.org\/es\/inicio\/"},{"@type":"ListItem","position":2,"name":"Confirmaci\u00f3n &#8211; Programa de verano"}]},{"@type":"WebSite","@id":"https:\/\/thediatribe.org\/#website","url":"https:\/\/thediatribe.org\/","name":"The Diatribe","description":"","publisher":{"@id":"https:\/\/thediatribe.org\/#organization"},"potentialAction":[{"@type":"SearchAction","target":{"@type":"EntryPoint","urlTemplate":"https:\/\/thediatribe.org\/?s={search_term_string}"},"query-input":{"@type":"PropertyValueSpecification","valueRequired":true,"valueName":"search_term_string"}}],"inLanguage":"es"},{"@type":"Organization","@id":"https:\/\/thediatribe.org\/#organization","name":"The Diatribe","url":"https:\/\/thediatribe.org\/","logo":{"@type":"ImageObject","inLanguage":"es","@id":"https:\/\/thediatribe.org\/#\/schema\/logo\/image\/","url":"https:\/\/thediatribe.org\/wp-content\/uploads\/2022\/11\/Diatribe-Logo.svg","contentUrl":"https:\/\/thediatribe.org\/wp-content\/uploads\/2022\/11\/Diatribe-Logo.svg","caption":"The Diatribe"},"image":{"@id":"https:\/\/thediatribe.org\/#\/schema\/logo\/image\/"},"sameAs":["https:\/\/www.facebook.com\/TheDiatribe\/","https:\/\/www.instagram.com\/the_diatribe\/","https:\/\/www.youtube.com\/channel\/UCbrOPqtc2ecdLNdY4FvIxtw","https:\/\/thediatribe.bandcamp.com\/"]}]}},"_links":{"self":[{"href":"https:\/\/thediatribe.org\/es\/wp-json\/wp\/v2\/pages\/3236","targetHints":{"allow":["GET"]}}],"collection":[{"href":"https:\/\/thediatribe.org\/es\/wp-json\/wp\/v2\/pages"}],"about":[{"href":"https:\/\/thediatribe.org\/es\/wp-json\/wp\/v2\/types\/page"}],"author":[{"embeddable":true,"href":"https:\/\/thediatribe.org\/es\/wp-json\/wp\/v2\/users\/1"}],"replies":[{"embeddable":true,"href":"https:\/\/thediatribe.org\/es\/wp-json\/wp\/v2\/comments?post=3236"}],"version-history":[{"count":1,"href":"https:\/\/thediatribe.org\/es\/wp-json\/wp\/v2\/pages\/3236\/revisions"}],"predecessor-version":[{"id":3237,"href":"https:\/\/thediatribe.org\/es\/wp-json\/wp\/v2\/pages\/3236\/revisions\/3237"}],"wp:attachment":[{"href":"https:\/\/thediatribe.org\/es\/wp-json\/wp\/v2\/media?parent=3236"}],"curies":[{"name":"wp","href":"https:\/\/api.w.org\/{rel}","templated":true}]}}